{"id":1705,"date":"2025-06-30T14:15:46","date_gmt":"2025-06-30T13:15:46","guid":{"rendered":"https:\/\/qportugal.apollotec.biz\/dev\/?page_id=1705"},"modified":"2025-11-07T09:54:49","modified_gmt":"2025-11-07T09:54:49","slug":"regio","status":"publish","type":"page","link":"https:\/\/qportugal.com\/nl\/regio\/","title":{"rendered":"Regio"},"content":{"rendered":"<div data-elementor-type=\"wp-post\" data-elementor-id=\"1705\" class=\"elementor elementor-1705\">\n\t\t\t\t<div class=\"elementor-element elementor-element-6093f839 e-con-full e-flex e-con e-parent\" data-id=\"6093f839\" data-element_type=\"container\">\n\t\t<div class=\"elementor-element elementor-element-1f71e219 e-con-full e-flex e-con e-child\" data-id=\"1f71e219\" data-element_type=\"container\" data-settings=\"{&quot;background_background&quot;:&quot;classic&quot;}\">\n\t\t\t\t<div class=\"elementor-element elementor-element-2cc7ef2f elementor-widget elementor-widget-heading\" data-id=\"2cc7ef2f\" data-element_type=\"widget\" data-widget_type=\"heading.default\">\n\t\t\t\t<div class=\"elementor-widget-container\">\n\t\t\t\t\t<h1 class=\"elementor-heading-title elementor-size-default\">Regio<\/h1>\t\t\t\t<\/div>\n\t\t\t\t<\/div>\n\t\t\t\t<\/div>\n\t\t\t\t<\/div>\n\t\t<div class=\"elementor-element elementor-element-befa872 e-flex e-con-boxed e-con e-parent\" data-id=\"befa872\" data-element_type=\"container\">\n\t\t\t\t\t<div class=\"e-con-inner\">\n\t\t\t\t<div class=\"elementor-element elementor-element-1d609db elementor-widget elementor-widget-heading\" data-id=\"1d609db\" data-element_type=\"widget\" data-widget_type=\"heading.default\">\n\t\t\t\t<div class=\"elementor-widget-container\">\n\t\t\t\t\t<h2 class=\"elementor-heading-title elementor-size-default\">Geniet van een unieke combinatie van natuur, cultuur en de Portugese manier van leven en boek uw vakantie bij ons, bij Quinta da Palmeira!\n<\/h2>\t\t\t\t<\/div>\n\t\t\t\t<\/div>\n\t\t\t\t\t<\/div>\n\t\t\t\t<\/div>\n\t\t<div class=\"elementor-element elementor-element-7c7ebde e-flex e-con-boxed e-con e-parent\" data-id=\"7c7ebde\" data-element_type=\"container\">\n\t\t\t\t\t<div class=\"e-con-inner\">\n\t\t<a class=\"eael-wrapper-link-8754a4e --eael-wrapper-link-tag\" href=\"\/nl\/dev\/sluiten\/\"><\/a><div data-eael-wrapper-link=\"eael-wrapper-link-8754a4e\" class=\"elementor-element elementor-element-8754a4e e-con-full e-flex e-con e-child\" data-id=\"8754a4e\" data-element_type=\"container\">\n\t\t\t\t<div class=\"elementor-element elementor-element-30b01da elementor-widget elementor-widget-image\" data-id=\"30b01da\" data-element_type=\"widget\" data-widget_type=\"image.default\">\n\t\t\t\t<div class=\"elementor-widget-container\">\n\t\t\t\t\t\t\t\t\t\t\t\t\t\t\t<img decoding=\"async\" width=\"1920\" height=\"1280\" data-src=\"https:\/\/qportugal.com\/wp-content\/uploads\/2025\/07\/ahl4zxmb4tcm1yqrjm0shhhcr22.webp\" class=\"attachment-full size-full wp-image-1902 lazyload\" alt=\"\" data-srcset=\"https:\/\/qportugal.com\/wp-content\/uploads\/2025\/07\/ahl4zxmb4tcm1yqrjm0shhhcr22.webp 1920w, https:\/\/qportugal.com\/wp-content\/uploads\/2025\/07\/ahl4zxmb4tcm1yqrjm0shhhcr22-300x200.webp 300w, https:\/\/qportugal.com\/wp-content\/uploads\/2025\/07\/ahl4zxmb4tcm1yqrjm0shhhcr22-1024x683.webp 1024w, https:\/\/qportugal.com\/wp-content\/uploads\/2025\/07\/ahl4zxmb4tcm1yqrjm0shhhcr22-768x512.webp 768w, https:\/\/qportugal.com\/wp-content\/uploads\/2025\/07\/ahl4zxmb4tcm1yqrjm0shhhcr22-1536x1024.webp 1536w\" data-sizes=\"auto, (max-width: 1920px) 100vw, 1920px\" src=\"data:image\/svg+xml;base64,PHN2ZyB3aWR0aD0iMSIgaGVpZ2h0PSIxIiB4bWxucz0iaHR0cDovL3d3dy53My5vcmcvMjAwMC9zdmciPjwvc3ZnPg==\" style=\"--smush-placeholder-width: 1920px; --smush-placeholder-aspect-ratio: 1920\/1280;\" \/>\t\t\t\t\t\t\t\t\t\t\t\t\t\t\t<\/div>\n\t\t\t\t<\/div>\n\t\t<div class=\"elementor-element elementor-element-9561a64 e-con-full e-flex e-con e-child\" data-id=\"9561a64\" data-element_type=\"container\">\n\t\t\t\t<div class=\"elementor-element elementor-element-4e8235d elementor-widget elementor-widget-heading\" data-id=\"4e8235d\" data-element_type=\"widget\" data-widget_type=\"heading.default\">\n\t\t\t\t<div class=\"elementor-widget-container\">\n\t\t\t\t\t<h2 class=\"elementor-heading-title elementor-size-default\">Dichtbij<\/h2>\t\t\t\t<\/div>\n\t\t\t\t<\/div>\n\t\t\t\t<div class=\"elementor-element elementor-element-8233bcb elementor-widget elementor-widget-heading\" data-id=\"8233bcb\" data-element_type=\"widget\" data-widget_type=\"heading.default\">\n\t\t\t\t<div class=\"elementor-widget-container\">\n\t\t\t\t\t<h2 class=\"elementor-heading-title elementor-size-default\">Activiteiten in de buurt van Quinta da Palmeira, op slechts 10 tot 30 minuten rijden.<\/h2>\t\t\t\t<\/div>\n\t\t\t\t<\/div>\n\t\t\t\t<\/div>\n\t\t\t\t<\/div>\n\t\t<a class=\"eael-wrapper-link-5b819bc --eael-wrapper-link-tag\" href=\"\/nl\/dev\/een-beetje-verder\/\"><\/a><div data-eael-wrapper-link=\"eael-wrapper-link-5b819bc\" class=\"elementor-element elementor-element-5b819bc e-con-full e-flex e-con e-child\" data-id=\"5b819bc\" data-element_type=\"container\">\n\t\t\t\t<div class=\"elementor-element elementor-element-46e30e4 elementor-widget elementor-widget-image\" data-id=\"46e30e4\" data-element_type=\"widget\" data-widget_type=\"image.default\">\n\t\t\t\t<div class=\"elementor-widget-container\">\n\t\t\t\t\t\t\t\t\t\t\t\t\t\t\t<img decoding=\"async\" width=\"1920\" height=\"1280\" data-src=\"https:\/\/qportugal.com\/wp-content\/uploads\/2025\/07\/1573678.webp\" class=\"attachment-full size-full wp-image-1896 lazyload\" alt=\"\" data-srcset=\"https:\/\/qportugal.com\/wp-content\/uploads\/2025\/07\/1573678.webp 1920w, https:\/\/qportugal.com\/wp-content\/uploads\/2025\/07\/1573678-300x200.webp 300w, https:\/\/qportugal.com\/wp-content\/uploads\/2025\/07\/1573678-1024x683.webp 1024w, https:\/\/qportugal.com\/wp-content\/uploads\/2025\/07\/1573678-768x512.webp 768w, https:\/\/qportugal.com\/wp-content\/uploads\/2025\/07\/1573678-1536x1024.webp 1536w\" data-sizes=\"auto, (max-width: 1920px) 100vw, 1920px\" src=\"data:image\/svg+xml;base64,PHN2ZyB3aWR0aD0iMSIgaGVpZ2h0PSIxIiB4bWxucz0iaHR0cDovL3d3dy53My5vcmcvMjAwMC9zdmciPjwvc3ZnPg==\" style=\"--smush-placeholder-width: 1920px; --smush-placeholder-aspect-ratio: 1920\/1280;\" \/>\t\t\t\t\t\t\t\t\t\t\t\t\t\t\t<\/div>\n\t\t\t\t<\/div>\n\t\t<div class=\"elementor-element elementor-element-5c4c2e8 e-con-full e-flex e-con e-child\" data-id=\"5c4c2e8\" data-element_type=\"container\">\n\t\t\t\t<div class=\"elementor-element elementor-element-3bc61a4 elementor-widget elementor-widget-heading\" data-id=\"3bc61a4\" data-element_type=\"widget\" data-widget_type=\"heading.default\">\n\t\t\t\t<div class=\"elementor-widget-container\">\n\t\t\t\t\t<h2 class=\"elementor-heading-title elementor-size-default\">Een beetje verder weg<\/h2>\t\t\t\t<\/div>\n\t\t\t\t<\/div>\n\t\t\t\t<div class=\"elementor-element elementor-element-1ebf84f elementor-widget elementor-widget-heading\" data-id=\"1ebf84f\" data-element_type=\"widget\" data-widget_type=\"heading.default\">\n\t\t\t\t<div class=\"elementor-widget-container\">\n\t\t\t\t\t<h2 class=\"elementor-heading-title elementor-size-default\">Activiteiten een beetje verder weg van Quinta da Palmeira, op slechts 30 tot 60 minuten rijden.<\/h2>\t\t\t\t<\/div>\n\t\t\t\t<\/div>\n\t\t\t\t<\/div>\n\t\t\t\t<\/div>\n\t\t<a class=\"eael-wrapper-link-d435f18 --eael-wrapper-link-tag\" href=\"\/nl\/dev\/nog-verder\/\"><\/a><div data-eael-wrapper-link=\"eael-wrapper-link-d435f18\" class=\"elementor-element elementor-element-d435f18 e-con-full e-flex e-con e-child\" data-id=\"d435f18\" data-element_type=\"container\">\n\t\t\t\t<div class=\"elementor-element elementor-element-d4d3101 elementor-widget elementor-widget-image\" data-id=\"d4d3101\" data-element_type=\"widget\" data-widget_type=\"image.default\">\n\t\t\t\t<div class=\"elementor-widget-container\">\n\t\t\t\t\t\t\t\t\t\t\t\t\t\t\t<img decoding=\"async\" width=\"1920\" height=\"1280\" data-src=\"https:\/\/qportugal.com\/wp-content\/uploads\/2025\/07\/553_A8946_98bccb146d.webp\" class=\"attachment-full size-full wp-image-1897 lazyload\" alt=\"\" data-srcset=\"https:\/\/qportugal.com\/wp-content\/uploads\/2025\/07\/553_A8946_98bccb146d.webp 1920w, https:\/\/qportugal.com\/wp-content\/uploads\/2025\/07\/553_A8946_98bccb146d-300x200.webp 300w, https:\/\/qportugal.com\/wp-content\/uploads\/2025\/07\/553_A8946_98bccb146d-1024x683.webp 1024w, https:\/\/qportugal.com\/wp-content\/uploads\/2025\/07\/553_A8946_98bccb146d-768x512.webp 768w, https:\/\/qportugal.com\/wp-content\/uploads\/2025\/07\/553_A8946_98bccb146d-1536x1024.webp 1536w\" data-sizes=\"auto, (max-width: 1920px) 100vw, 1920px\" src=\"data:image\/svg+xml;base64,PHN2ZyB3aWR0aD0iMSIgaGVpZ2h0PSIxIiB4bWxucz0iaHR0cDovL3d3dy53My5vcmcvMjAwMC9zdmciPjwvc3ZnPg==\" style=\"--smush-placeholder-width: 1920px; --smush-placeholder-aspect-ratio: 1920\/1280;\" \/>\t\t\t\t\t\t\t\t\t\t\t\t\t\t\t<\/div>\n\t\t\t\t<\/div>\n\t\t<div class=\"elementor-element elementor-element-707346e e-con-full e-flex e-con e-child\" data-id=\"707346e\" data-element_type=\"container\">\n\t\t\t\t<div class=\"elementor-element elementor-element-62fa218 elementor-widget elementor-widget-heading\" data-id=\"62fa218\" data-element_type=\"widget\" data-widget_type=\"heading.default\">\n\t\t\t\t<div class=\"elementor-widget-container\">\n\t\t\t\t\t<h2 class=\"elementor-heading-title elementor-size-default\">Nog verder<\/h2>\t\t\t\t<\/div>\n\t\t\t\t<\/div>\n\t\t\t\t<div class=\"elementor-element elementor-element-2209246 elementor-widget elementor-widget-heading\" data-id=\"2209246\" data-element_type=\"widget\" data-widget_type=\"heading.default\">\n\t\t\t\t<div class=\"elementor-widget-container\">\n\t\t\t\t\t<h2 class=\"elementor-heading-title elementor-size-default\">En nog veel meer, zoals:<\/h2>\t\t\t\t<\/div>\n\t\t\t\t<\/div>\n\t\t\t\t<\/div>\n\t\t\t\t<\/div>\n\t\t\t\t\t<\/div>\n\t\t\t\t<\/div>\n\t\t<div class=\"elementor-element elementor-element-87c721b e-flex e-con-boxed e-con e-parent\" data-id=\"87c721b\" data-element_type=\"container\">\n\t\t\t\t\t<div class=\"e-con-inner\">\n\t\t\t\t<div class=\"elementor-element elementor-element-64691f1 elementor-widget elementor-widget-image\" data-id=\"64691f1\" data-element_type=\"widget\" data-widget_type=\"image.default\">\n\t\t\t\t<div class=\"elementor-widget-container\">\n\t\t\t\t\t\t\t\t\t\t\t\t\t\t\t\t<a href=\"https:\/\/www.centerofportugal.com\/pt\/entity\/quinta-da-palmeira-country-house-retreat-spa\" target=\"_blank\" rel=\"noopener\">\n\t\t\t\t\t\t\t<img decoding=\"async\" width=\"183\" height=\"57\" data-src=\"https:\/\/qportugal.com\/wp-content\/uploads\/2025\/06\/esq_turismo-1-1.svg\" class=\"attachment-large size-large wp-image-363 lazyload\" alt=\"\" src=\"data:image\/svg+xml;base64,PHN2ZyB3aWR0aD0iMSIgaGVpZ2h0PSIxIiB4bWxucz0iaHR0cDovL3d3dy53My5vcmcvMjAwMC9zdmciPjwvc3ZnPg==\" style=\"--smush-placeholder-width: 183px; --smush-placeholder-aspect-ratio: 183\/57;\" \/>\t\t\t\t\t\t\t\t<\/a>\n\t\t\t\t\t\t\t\t\t\t\t\t\t\t\t<\/div>\n\t\t\t\t<\/div>\n\t\t\t\t<div class=\"elementor-element elementor-element-b58c67e elementor-widget elementor-widget-image\" data-id=\"b58c67e\" data-element_type=\"widget\" data-widget_type=\"image.default\">\n\t\t\t\t<div class=\"elementor-widget-container\">\n\t\t\t\t\t\t\t\t\t\t\t\t\t\t\t\t<a href=\"https:\/\/www.aldeiasdoxisto.pt\/pt\/quem-somos\/directorio\/quinta-da-palmeira-country-house-retreat-spa\/\" target=\"_blank\" rel=\"noopener\">\n\t\t\t\t\t\t\t<img decoding=\"async\" width=\"70\" height=\"70\" data-src=\"https:\/\/qportugal.com\/wp-content\/uploads\/2025\/07\/esq_xisto.svg\" class=\"attachment-large size-large wp-image-1904 lazyload\" alt=\"\" src=\"data:image\/svg+xml;base64,PHN2ZyB3aWR0aD0iMSIgaGVpZ2h0PSIxIiB4bWxucz0iaHR0cDovL3d3dy53My5vcmcvMjAwMC9zdmciPjwvc3ZnPg==\" style=\"--smush-placeholder-width: 70px; --smush-placeholder-aspect-ratio: 70\/70;\" \/>\t\t\t\t\t\t\t\t<\/a>\n\t\t\t\t\t\t\t\t\t\t\t\t\t\t\t<\/div>\n\t\t\t\t<\/div>\n\t\t\t\t<div class=\"elementor-element elementor-element-e2b649e elementor-widget elementor-widget-image\" data-id=\"e2b649e\" data-element_type=\"widget\" data-widget_type=\"image.default\">\n\t\t\t\t<div class=\"elementor-widget-container\">\n\t\t\t\t\t\t\t\t\t\t\t\t\t\t\t\t<a href=\"https:\/\/www.sawdays.co.uk\/portugal\/central-portugal\/beira\/quinta-da-palmeira-country-house-retreat-spa\/?guests%5Badults%5D=1&#038;term=Portugal\" target=\"_blank\" rel=\"noopener\">\n\t\t\t\t\t\t\t<img decoding=\"async\" width=\"55\" height=\"57\" data-src=\"https:\/\/qportugal.com\/wp-content\/uploads\/2025\/07\/sawdays.svg\" class=\"attachment-large size-large wp-image-1903 lazyload\" alt=\"\" src=\"data:image\/svg+xml;base64,PHN2ZyB3aWR0aD0iMSIgaGVpZ2h0PSIxIiB4bWxucz0iaHR0cDovL3d3dy53My5vcmcvMjAwMC9zdmciPjwvc3ZnPg==\" style=\"--smush-placeholder-width: 55px; --smush-placeholder-aspect-ratio: 55\/57;\" \/>\t\t\t\t\t\t\t\t<\/a>\n\t\t\t\t\t\t\t\t\t\t\t\t\t\t\t<\/div>\n\t\t\t\t<\/div>\n\t\t\t\t<div class=\"elementor-element elementor-element-931e51e elementor-widget elementor-widget-image\" data-id=\"931e51e\" data-element_type=\"widget\" data-widget_type=\"image.default\">\n\t\t\t\t<div class=\"elementor-widget-container\">\n\t\t\t\t\t\t\t\t\t\t\t\t\t\t\t\t<a href=\"https:\/\/boutiquehotel.me\/cerdeira\/\" target=\"_blank\" rel=\"noopener\">\n\t\t\t\t\t\t\t<img decoding=\"async\" width=\"144\" height=\"55\" data-src=\"https:\/\/qportugal.com\/wp-content\/uploads\/2025\/06\/boutiquehotel.me_-300x113-1.png\" class=\"attachment-large size-large wp-image-368 lazyload\" alt=\"Hotel\" src=\"data:image\/svg+xml;base64,PHN2ZyB3aWR0aD0iMSIgaGVpZ2h0PSIxIiB4bWxucz0iaHR0cDovL3d3dy53My5vcmcvMjAwMC9zdmciPjwvc3ZnPg==\" style=\"--smush-placeholder-width: 144px; --smush-placeholder-aspect-ratio: 144\/55;\" \/>\t\t\t\t\t\t\t\t<\/a>\n\t\t\t\t\t\t\t\t\t\t\t\t\t\t\t<\/div>\n\t\t\t\t<\/div>\n\t\t\t\t<div class=\"elementor-element elementor-element-b74f297 elementor-widget elementor-widget-image\" data-id=\"b74f297\" data-element_type=\"widget\" data-widget_type=\"image.default\">\n\t\t\t\t<div class=\"elementor-widget-container\">\n\t\t\t\t\t\t\t\t\t\t\t\t\t\t\t\t<a href=\"https:\/\/en.escapio.com\/hotel\/quinta-da-palmeira-romantic-boutique\" target=\"_blank\" rel=\"noopener\">\n\t\t\t\t\t\t\t<img decoding=\"async\" width=\"70\" height=\"38\" data-src=\"https:\/\/qportugal.com\/wp-content\/uploads\/2025\/06\/escapio.svg\" class=\"attachment-large size-large wp-image-365 lazyload\" alt=\"Ontsnappen\" src=\"data:image\/svg+xml;base64,PHN2ZyB3aWR0aD0iMSIgaGVpZ2h0PSIxIiB4bWxucz0iaHR0cDovL3d3dy53My5vcmcvMjAwMC9zdmciPjwvc3ZnPg==\" style=\"--smush-placeholder-width: 70px; --smush-placeholder-aspect-ratio: 70\/38;\" \/>\t\t\t\t\t\t\t\t<\/a>\n\t\t\t\t\t\t\t\t\t\t\t\t\t\t\t<\/div>\n\t\t\t\t<\/div>\n\t\t\t\t\t<\/div>\n\t\t\t\t<\/div>\n\t\t\t\t<\/div>","protected":false},"excerpt":{"rendered":"<p>Regi\u00e3o Desfrute de uma combina\u00e7\u00e3o \u00fanica de natureza, cultura e vida portuguesa e reserve as suas f\u00e9rias connosco, na Quinta da Palmeira! Perto Actividades nas proximidades Quinta da Palmeira, a apenas 10 a 30 minutos de carro. Um pouco mais longe Atividades um pouco mais afastadas da Quinta da Palmeira, apenas 30 a 60 minutos [&hellip;]<\/p>","protected":false},"author":1,"featured_media":0,"parent":0,"menu_order":0,"comment_status":"closed","ping_status":"closed","template":"","meta":{"_joinchat":[],"footnotes":""},"class_list":["post-1705","page","type-page","status-publish","hentry"],"_links":{"self":[{"href":"https:\/\/qportugal.com\/nl\/wp-json\/wp\/v2\/pages\/1705","targetHints":{"allow":["GET"]}}],"collection":[{"href":"https:\/\/qportugal.com\/nl\/wp-json\/wp\/v2\/pages"}],"about":[{"href":"https:\/\/qportugal.com\/nl\/wp-json\/wp\/v2\/types\/page"}],"author":[{"embeddable":true,"href":"https:\/\/qportugal.com\/nl\/wp-json\/wp\/v2\/users\/1"}],"replies":[{"embeddable":true,"href":"https:\/\/qportugal.com\/nl\/wp-json\/wp\/v2\/comments?post=1705"}],"version-history":[{"count":4,"href":"https:\/\/qportugal.com\/nl\/wp-json\/wp\/v2\/pages\/1705\/revisions"}],"predecessor-version":[{"id":4344,"href":"https:\/\/qportugal.com\/nl\/wp-json\/wp\/v2\/pages\/1705\/revisions\/4344"}],"wp:attachment":[{"href":"https:\/\/qportugal.com\/nl\/wp-json\/wp\/v2\/media?parent=1705"}],"curies":[{"name":"wp","href":"https:\/\/api.w.org\/{rel}","templated":true}]}}